{"id":29042,"date":"2023-09-21T10:34:16","date_gmt":"2023-09-21T08:34:16","guid":{"rendered":"https:\/\/motoneige-laplagne.labowebcreation.fr\/nos-randonnees\/"},"modified":"2023-11-06T14:15:46","modified_gmt":"2023-11-06T13:15:46","slug":"your-snowmobile-ride","status":"publish","type":"page","link":"https:\/\/motoneige-laplagne.com\/en\/your-snowmobile-ride\/","title":{"rendered":"Your snowmobile ride"},"content":{"rendered":"<div class=\"fusion-fullwidth fullwidth-box fusion-builder-row-1 fusion-flex-container has-pattern-background has-mask-background nonhundred-percent-fullwidth non-hundred-percent-height-scrolling\" style=\"--awb-border-radius-top-left:0px;--awb-border-radius-top-right:0px;--awb-border-radius-bottom-right:0px;--awb-border-radius-bottom-left:0px;--awb-padding-top:20px;--awb-padding-right:20px;--awb-padding-bottom:20px;--awb-padding-left:20px;--awb-background-color:rgba(255,255,255,0.9);--awb-flex-wrap:wrap;\" ><div class=\"fusion-builder-row fusion-row fusion-flex-align-items-flex-start fusion-flex-content-wrap\" style=\"max-width:1456px;margin-left: calc(-4% \/ 2 );margin-right: calc(-4% \/ 2 );\"><div class=\"fusion-layout-column fusion_builder_column fusion-builder-column-0 fusion_builder_column_1_1 1_1 fusion-flex-column\" style=\"--awb-bg-size:cover;--awb-width-large:100%;--awb-margin-top-large:0px;--awb-spacing-right-large:1.92%;--awb-margin-bottom-large:20px;--awb-spacing-left-large:1.92%;--awb-width-medium:100%;--awb-order-medium:0;--awb-spacing-right-medium:1.92%;--awb-spacing-left-medium:1.92%;--awb-width-small:100%;--awb-order-small:0;--awb-spacing-right-small:1.92%;--awb-spacing-left-small:1.92%;\" data-scroll-devices=\"small-visibility,medium-visibility,large-visibility\"><div class=\"fusion-column-wrapper fusion-column-has-shadow fusion-flex-justify-content-flex-start fusion-content-layout-column\"><div class=\"fusion-title title fusion-title-1 fusion-sep-none fusion-title-center fusion-title-text fusion-title-size-three\" style=\"--awb-margin-top:20px;--awb-margin-bottom:20px;--awb-font-size:32px;\"><h3 class=\"fusion-title-heading title-heading-center\" style=\"margin:0;font-size:1em;\">Your snowmobile ride<\/h3><\/div><\/div><\/div><div class=\"fusion-layout-column fusion_builder_column fusion-builder-column-1 fusion_builder_column_1_2 1_2 fusion-flex-column\" style=\"--awb-bg-size:cover;--awb-width-large:50%;--awb-margin-top-large:0px;--awb-spacing-right-large:3.84%;--awb-margin-bottom-large:20px;--awb-spacing-left-large:3.84%;--awb-width-medium:50%;--awb-order-medium:0;--awb-spacing-right-medium:3.84%;--awb-spacing-left-medium:3.84%;--awb-width-small:100%;--awb-order-small:0;--awb-spacing-right-small:1.92%;--awb-spacing-left-small:1.92%;\"><div class=\"fusion-column-wrapper fusion-column-has-shadow fusion-flex-justify-content-flex-start fusion-content-layout-column\"><div class=\"fusion-video fusion-youtube\" style=\"--awb-max-width:600px;--awb-max-height:360px;--awb-align-self:center;--awb-width:100%;\" data-autoplay=\"1\"><div class=\"video-shortcode\"><div class=\"fluid-width-video-wrapper\" style=\"padding-top:60%;\" ><iframe title=\"YouTube video player 1\" src=\"https:\/\/www.youtube.com\/embed\/CXNS4fVRb_o?wmode=transparent&autoplay=0\" width=\"600\" height=\"360\" allowfullscreen allow=\"autoplay; clipboard-write; encrypted-media; gyroscope; picture-in-picture;\"><\/iframe><\/div><\/div><\/div><\/div><\/div><div class=\"fusion-layout-column fusion_builder_column fusion-builder-column-2 fusion_builder_column_1_2 1_2 fusion-flex-column\" style=\"--awb-bg-size:cover;--awb-width-large:50%;--awb-margin-top-large:0px;--awb-spacing-right-large:3.84%;--awb-margin-bottom-large:20px;--awb-spacing-left-large:3.84%;--awb-width-medium:50%;--awb-order-medium:0;--awb-spacing-right-medium:3.84%;--awb-spacing-left-medium:3.84%;--awb-width-small:100%;--awb-order-small:0;--awb-spacing-right-small:1.92%;--awb-spacing-left-small:1.92%;\"><div class=\"fusion-column-wrapper fusion-column-has-shadow fusion-flex-justify-content-flex-start fusion-content-layout-column\"><div class=\"fusion-text fusion-text-1\"><p>The trip departs at the top of the &#8220;Tapis de l&#8217;Indien&#8221; (50 meters after the start of the Colorado chairlift).<\/p>\n<p>Be present 15 mn before the fixed hour.<\/p>\n<p>First of all, 10 mn of briefing where all the orders of driving and safety are passed on,  then departure for a trip of 50 mn&#8230;<\/p>\n<p>The route is about 12 km, on the heights of the resort, with an exceptional view on the various resorts of La Plagne by night, it is carried out on a field of evolution authorized and dedicated to the activity.<\/p>\n<\/div><div style=\"text-align:center;\"><a class=\"fusion-button button-flat button-large button-default fusion-button-default button-1 fusion-button-default-span fusion-button-default-type awb-b-icon-pos-left\" target=\"_self\" data-hover=\"icon_position\" href=\"https:\/\/motoneige-laplagne.com\/produit\/reservation-randonnee-motoneige\/\"><i class=\"fa-angle-right fas awb-button__icon awb-button__icon--default button-icon-left\" aria-hidden=\"true\"><\/i><i class=\"fa-angle-right fas awb-button__icon awb-button__icon--default button-icon-left\" aria-hidden=\"true\"><\/i><span class=\"fusion-button-text awb-button__text awb-button__text--default\">I book my trip<\/span><\/a><\/div><\/div><\/div><div class=\"fusion-layout-column fusion_builder_column fusion-builder-column-3 fusion_builder_column_1_1 1_1 fusion-flex-column\" style=\"--awb-bg-size:cover;--awb-width-large:100%;--awb-margin-top-large:0px;--awb-spacing-right-large:1.92%;--awb-margin-bottom-large:20px;--awb-spacing-left-large:1.92%;--awb-width-medium:100%;--awb-order-medium:0;--awb-spacing-right-medium:1.92%;--awb-spacing-left-medium:1.92%;--awb-width-small:100%;--awb-order-small:0;--awb-spacing-right-small:1.92%;--awb-spacing-left-small:1.92%;\"><div class=\"fusion-column-wrapper fusion-column-has-shadow fusion-flex-justify-content-flex-start fusion-content-layout-column\"><div class=\"fusion-title title fusion-title-2 fusion-sep-none fusion-title-center fusion-title-text fusion-title-size-three\" style=\"--awb-margin-top:20px;--awb-margin-bottom:40px;--awb-font-size:32px;\"><h3 class=\"fusion-title-heading title-heading-center\" style=\"margin:0;font-size:1em;\">Meeting Point<\/h3><\/div><div class=\"fusion-tabs fusion-tabs-1 classic nav-is-justified acces horizontal-tabs icon-position-left mobile-mode-accordion\" style=\"--awb-title-border-radius-top-left:0px;--awb-title-border-radius-top-right:0px;--awb-title-border-radius-bottom-right:0px;--awb-title-border-radius-bottom-left:0px;--awb-title-font-size:18px;--awb-alignment:start;--awb-inactive-color:var(--awb-color2);--awb-title-text-color:var(--awb-color5);--awb-background-color:var(--awb-color1);--awb-border-color:var(--awb-color3);--awb-active-border-color:var(--awb-color5);\"><div class=\"nav\"><ul class=\"nav-tabs nav-justified\" role=\"tablist\"><li class=\"active\" role=\"presentation\"><a class=\"tab-link\" data-toggle=\"tab\" role=\"tab\" aria-controls=\"tab-31da70211a6603f5710\" aria-selected=\"true\" id=\"fusion-tab-locateus\" href=\"#tab-31da70211a6603f5710\"><h4 class=\"fusion-tab-heading\">Locate us<\/h4><\/a><\/li><li role=\"presentation\"><a class=\"tab-link\" data-toggle=\"tab\" role=\"tab\" aria-controls=\"tab-094f9508c801fa06d35\" aria-selected=\"false\" tabindex=\"-1\" id=\"fusion-tab-howtocome?\" href=\"#tab-094f9508c801fa06d35\"><h4 class=\"fusion-tab-heading\">How to come ?<\/h4><\/a><\/li><li role=\"presentation\"><a class=\"tab-link\" data-toggle=\"tab\" role=\"tab\" aria-controls=\"tab-2f2894c12e5dcfe218c\" aria-selected=\"false\" tabindex=\"-1\" id=\"fusion-tab-locationmapinplagnecenter\" href=\"#tab-2f2894c12e5dcfe218c\"><h4 class=\"fusion-tab-heading\">Location map in Plagne center<\/h4><\/a><\/li><\/ul><\/div><div class=\"tab-content\"><div class=\"nav fusion-mobile-tab-nav\"><ul class=\"nav-tabs nav-justified\" role=\"tablist\"><li class=\"active\" role=\"presentation\"><a class=\"tab-link\" data-toggle=\"tab\" role=\"tab\" aria-controls=\"tab-31da70211a6603f5710\" aria-selected=\"true\" id=\"mobile-fusion-tab-locateus\" href=\"#tab-31da70211a6603f5710\"><h4 class=\"fusion-tab-heading\">Locate us<\/h4><\/a><\/li><\/ul><\/div><div class=\"tab-pane fade fusion-clearfix in active\" role=\"tabpanel\" tabindex=\"0\" aria-labelledby=\"fusion-tab-locateus\" id=\"tab-31da70211a6603f5710\">\n<p><iframe style=\"border: 0;\" src=\"https:\/\/www.google.com\/maps\/embed?pb=!1m14!1m8!1m3!1d2796.2303203030006!2d6.677023!3d45.505442!3m2!1i1024!2i768!4f13.1!3m3!1m2!1s0x47897bbdd1fdb7f1%3A0x70ddb72ca94db216!2smotoneige%20snow%20panthers!5e0!3m2!1sfr!2sus!4v1698391322750!5m2!1sfr!2sus\" width=\"100%\" height=\"450\" allowfullscreen=\"allowfullscreen\"><\/iframe><\/p>\n<\/div><div class=\"nav fusion-mobile-tab-nav\"><ul class=\"nav-tabs nav-justified\" role=\"tablist\"><li role=\"presentation\"><a class=\"tab-link\" data-toggle=\"tab\" role=\"tab\" aria-controls=\"tab-094f9508c801fa06d35\" aria-selected=\"false\" tabindex=\"-1\" id=\"mobile-fusion-tab-howtocome?\" href=\"#tab-094f9508c801fa06d35\"><h4 class=\"fusion-tab-heading\">How to come ?<\/h4><\/a><\/li><\/ul><\/div><div class=\"tab-pane fade fusion-clearfix\" role=\"tabpanel\" tabindex=\"0\" aria-labelledby=\"fusion-tab-howtocome?\" id=\"tab-094f9508c801fa06d35\">\n<p>During the day our office is open to welcome you, it is accessible on foot or by ski and after the slopes close.<\/p>\n<p>Access from the different stations can be done as follows:<\/p>\n<p>> From <strong>Plagne Centre<\/strong>: we are on the snow front below the \u201cFuniplagne\u201d cable car departure.<\/p>\n<p>> From <strong>Plagne Village<\/strong>: you can use the T\u00e9l\u00e9bus which takes you to Plagne Centre; then either by the snow front or by the shopping mall.<\/p>\n<p>> From <strong>Plagne Soleil<\/strong>: take the Bus to Plagne Village then take the T\u00e9l\u00e9bus back down to Plagne Centre, or on foot crossing the track to the Odalys &#8220;Front de neige&#8221; residence car park, then take the T\u00e9l\u00e9bus.<\/p>\n<p>> From <strong>Plagne-Aime 2000<\/strong>: take the T\u00e9l\u00e9m\u00e9tro, then cross the shopping mall to find yourself on the snow front.<\/p>\n<p>> From <strong>Plagne 1800 and Plagne Bellec\u00f4te<\/strong>: take the shuttle at one of the different shuttle stops to Plagne Centre.<\/p>\n<p>> From Cr\u00e8te C\u00f4te, Plangagnant, La Roche, Les Charmettes, La Vall\u00e9e or Montalbert and Montchavin-Les Coches:<br \/>a free road shuttle connects Les Charmettes, La Roche, Plangagnant, Cr\u00eate-C\u00f4te, to Plagne Centre.<\/p>\n<p>> Access by car is possible from all the stations: follow the direction of LA PLAGNE, then PLAGNE-CENTRE to the various car parks of the station, then take the galleries to find yourself on the Place du Chaudron, and there the Chalet Snow -Panthers is in front of you.<\/p>\n<p><span style=\"text-decoration: underline;\">T\u00e9l\u00e9bus, T\u00e9l\u00e9m\u00e9tro, and shuttles are free.<\/span><\/p>\n<\/div><div class=\"nav fusion-mobile-tab-nav\"><ul class=\"nav-tabs nav-justified\" role=\"tablist\"><li role=\"presentation\"><a class=\"tab-link\" data-toggle=\"tab\" role=\"tab\" aria-controls=\"tab-2f2894c12e5dcfe218c\" aria-selected=\"false\" tabindex=\"-1\" id=\"mobile-fusion-tab-locationmapinplagnecenter\" href=\"#tab-2f2894c12e5dcfe218c\"><h4 class=\"fusion-tab-heading\">Location map in Plagne center<\/h4><\/a><\/li><\/ul><\/div><div class=\"tab-pane fade fusion-clearfix\" role=\"tabpanel\" tabindex=\"0\" aria-labelledby=\"fusion-tab-locationmapinplagnecenter\" id=\"tab-2f2894c12e5dcfe218c\">\n<p><img decoding=\"async\" class=\"alignnone size-full wp-image-28963 aligncenter\" src=\"https:\/\/motoneige-laplagne.com\/wp-content\/uploads\/2023\/10\/plan-motoneige-2023-28129.png\" alt=\"\" width=\"742\" height=\"470\" srcset=\"https:\/\/motoneige-laplagne.com\/wp-content\/uploads\/2023\/10\/plan-motoneige-2023-28129-200x127.png 200w, https:\/\/motoneige-laplagne.com\/wp-content\/uploads\/2023\/10\/plan-motoneige-2023-28129-300x190.png 300w, https:\/\/motoneige-laplagne.com\/wp-content\/uploads\/2023\/10\/plan-motoneige-2023-28129-320x202.png 320w, https:\/\/motoneige-laplagne.com\/wp-content\/uploads\/2023\/10\/plan-motoneige-2023-28129-400x253.png 400w, https:\/\/motoneige-laplagne.com\/wp-content\/uploads\/2023\/10\/plan-motoneige-2023-28129-500x317.png 500w, https:\/\/motoneige-laplagne.com\/wp-content\/uploads\/2023\/10\/plan-motoneige-2023-28129-600x380.png 600w, https:\/\/motoneige-laplagne.com\/wp-content\/uploads\/2023\/10\/plan-motoneige-2023-28129-700x443.png 700w, https:\/\/motoneige-laplagne.com\/wp-content\/uploads\/2023\/10\/plan-motoneige-2023-28129.png 742w\" sizes=\"(max-width: 742px) 100vw, 742px\" \/><\/p>\n<\/div><\/div><\/div><\/div><\/div><\/div><\/div>\n","protected":false},"excerpt":{"rendered":"","protected":false},"author":1,"featured_media":0,"parent":0,"menu_order":0,"comment_status":"closed","ping_status":"closed","template":"","meta":{"footnotes":""},"class_list":["post-29042","page","type-page","status-publish","hentry"],"yoast_head":"<!-- This site is optimized with the Yoast SEO plugin v26.1.1 - https:\/\/yoast.com\/wordpress\/plugins\/seo\/ -->\n<title>Your snowmobile ride - Motoneige Snow Panthers<\/title>\n<meta name=\"robots\" content=\"index, follow, max-snippet:-1, max-image-preview:large, max-video-preview:-1\" \/>\n<link rel=\"canonical\" href=\"https:\/\/motoneige-laplagne.com\/en\/your-snowmobile-ride\/\" \/>\n<meta property=\"og:locale\" content=\"en_US\" \/>\n<meta property=\"og:type\" content=\"article\" \/>\n<meta property=\"og:title\" content=\"Your snowmobile ride - Motoneige Snow Panthers\" \/>\n<meta property=\"og:url\" content=\"https:\/\/motoneige-laplagne.com\/en\/your-snowmobile-ride\/\" \/>\n<meta property=\"og:site_name\" content=\"Motoneige Snow Panthers\" \/>\n<meta property=\"article:modified_time\" content=\"2023-11-06T13:15:46+00:00\" \/>\n<meta property=\"og:image\" content=\"https:\/\/motoneige-laplagne.com\/wp-content\/uploads\/2023\/10\/plan-motoneige-2023-28129.png\" \/>\n<meta name=\"twitter:card\" content=\"summary_large_image\" \/>\n<meta name=\"twitter:label1\" content=\"Est. reading time\" \/>\n\t<meta name=\"twitter:data1\" content=\"18 minutes\" \/>\n<script type=\"application\/ld+json\" class=\"yoast-schema-graph\">{\"@context\":\"https:\/\/schema.org\",\"@graph\":[{\"@type\":\"WebPage\",\"@id\":\"https:\/\/motoneige-laplagne.com\/en\/your-snowmobile-ride\/\",\"url\":\"https:\/\/motoneige-laplagne.com\/en\/your-snowmobile-ride\/\",\"name\":\"Your snowmobile ride - Motoneige Snow Panthers\",\"isPartOf\":{\"@id\":\"https:\/\/motoneige-laplagne.com\/#website\"},\"primaryImageOfPage\":{\"@id\":\"https:\/\/motoneige-laplagne.com\/en\/your-snowmobile-ride\/#primaryimage\"},\"image\":{\"@id\":\"https:\/\/motoneige-laplagne.com\/en\/your-snowmobile-ride\/#primaryimage\"},\"thumbnailUrl\":\"https:\/\/motoneige-laplagne.com\/wp-content\/uploads\/2023\/10\/plan-motoneige-2023-28129.png\",\"datePublished\":\"2023-09-21T08:34:16+00:00\",\"dateModified\":\"2023-11-06T13:15:46+00:00\",\"breadcrumb\":{\"@id\":\"https:\/\/motoneige-laplagne.com\/en\/your-snowmobile-ride\/#breadcrumb\"},\"inLanguage\":\"en-US\",\"potentialAction\":[{\"@type\":\"ReadAction\",\"target\":[\"https:\/\/motoneige-laplagne.com\/en\/your-snowmobile-ride\/\"]}]},{\"@type\":\"ImageObject\",\"inLanguage\":\"en-US\",\"@id\":\"https:\/\/motoneige-laplagne.com\/en\/your-snowmobile-ride\/#primaryimage\",\"url\":\"https:\/\/motoneige-laplagne.com\/wp-content\/uploads\/2023\/10\/plan-motoneige-2023-28129.png\",\"contentUrl\":\"https:\/\/motoneige-laplagne.com\/wp-content\/uploads\/2023\/10\/plan-motoneige-2023-28129.png\"},{\"@type\":\"BreadcrumbList\",\"@id\":\"https:\/\/motoneige-laplagne.com\/en\/your-snowmobile-ride\/#breadcrumb\",\"itemListElement\":[{\"@type\":\"ListItem\",\"position\":1,\"name\":\"Accueil\",\"item\":\"https:\/\/motoneige-laplagne.com\/en\/\"},{\"@type\":\"ListItem\",\"position\":2,\"name\":\"Your snowmobile ride\"}]},{\"@type\":\"WebSite\",\"@id\":\"https:\/\/motoneige-laplagne.com\/#website\",\"url\":\"https:\/\/motoneige-laplagne.com\/\",\"name\":\"Motoneige Snow Panthers\",\"description\":\"Motoneige La Plagne\",\"potentialAction\":[{\"@type\":\"SearchAction\",\"target\":{\"@type\":\"EntryPoint\",\"urlTemplate\":\"https:\/\/motoneige-laplagne.com\/?s={search_term_string}\"},\"query-input\":{\"@type\":\"PropertyValueSpecification\",\"valueRequired\":true,\"valueName\":\"search_term_string\"}}],\"inLanguage\":\"en-US\"}]}<\/script>\n<!-- \/ Yoast SEO plugin. -->","yoast_head_json":{"title":"Your snowmobile ride - Motoneige Snow Panthers","robots":{"index":"index","follow":"follow","max-snippet":"max-snippet:-1","max-image-preview":"max-image-preview:large","max-video-preview":"max-video-preview:-1"},"canonical":"https:\/\/motoneige-laplagne.com\/en\/your-snowmobile-ride\/","og_locale":"en_US","og_type":"article","og_title":"Your snowmobile ride - Motoneige Snow Panthers","og_url":"https:\/\/motoneige-laplagne.com\/en\/your-snowmobile-ride\/","og_site_name":"Motoneige Snow Panthers","article_modified_time":"2023-11-06T13:15:46+00:00","og_image":[{"url":"https:\/\/motoneige-laplagne.com\/wp-content\/uploads\/2023\/10\/plan-motoneige-2023-28129.png","type":"","width":"","height":""}],"twitter_card":"summary_large_image","twitter_misc":{"Est. reading time":"18 minutes"},"schema":{"@context":"https:\/\/schema.org","@graph":[{"@type":"WebPage","@id":"https:\/\/motoneige-laplagne.com\/en\/your-snowmobile-ride\/","url":"https:\/\/motoneige-laplagne.com\/en\/your-snowmobile-ride\/","name":"Your snowmobile ride - Motoneige Snow Panthers","isPartOf":{"@id":"https:\/\/motoneige-laplagne.com\/#website"},"primaryImageOfPage":{"@id":"https:\/\/motoneige-laplagne.com\/en\/your-snowmobile-ride\/#primaryimage"},"image":{"@id":"https:\/\/motoneige-laplagne.com\/en\/your-snowmobile-ride\/#primaryimage"},"thumbnailUrl":"https:\/\/motoneige-laplagne.com\/wp-content\/uploads\/2023\/10\/plan-motoneige-2023-28129.png","datePublished":"2023-09-21T08:34:16+00:00","dateModified":"2023-11-06T13:15:46+00:00","breadcrumb":{"@id":"https:\/\/motoneige-laplagne.com\/en\/your-snowmobile-ride\/#breadcrumb"},"inLanguage":"en-US","potentialAction":[{"@type":"ReadAction","target":["https:\/\/motoneige-laplagne.com\/en\/your-snowmobile-ride\/"]}]},{"@type":"ImageObject","inLanguage":"en-US","@id":"https:\/\/motoneige-laplagne.com\/en\/your-snowmobile-ride\/#primaryimage","url":"https:\/\/motoneige-laplagne.com\/wp-content\/uploads\/2023\/10\/plan-motoneige-2023-28129.png","contentUrl":"https:\/\/motoneige-laplagne.com\/wp-content\/uploads\/2023\/10\/plan-motoneige-2023-28129.png"},{"@type":"BreadcrumbList","@id":"https:\/\/motoneige-laplagne.com\/en\/your-snowmobile-ride\/#breadcrumb","itemListElement":[{"@type":"ListItem","position":1,"name":"Accueil","item":"https:\/\/motoneige-laplagne.com\/en\/"},{"@type":"ListItem","position":2,"name":"Your snowmobile ride"}]},{"@type":"WebSite","@id":"https:\/\/motoneige-laplagne.com\/#website","url":"https:\/\/motoneige-laplagne.com\/","name":"Motoneige Snow Panthers","description":"Motoneige La Plagne","potentialAction":[{"@type":"SearchAction","target":{"@type":"EntryPoint","urlTemplate":"https:\/\/motoneige-laplagne.com\/?s={search_term_string}"},"query-input":{"@type":"PropertyValueSpecification","valueRequired":true,"valueName":"search_term_string"}}],"inLanguage":"en-US"}]}},"_links":{"self":[{"href":"https:\/\/motoneige-laplagne.com\/en\/wp-json\/wp\/v2\/pages\/29042","targetHints":{"allow":["GET"]}}],"collection":[{"href":"https:\/\/motoneige-laplagne.com\/en\/wp-json\/wp\/v2\/pages"}],"about":[{"href":"https:\/\/motoneige-laplagne.com\/en\/wp-json\/wp\/v2\/types\/page"}],"author":[{"embeddable":true,"href":"https:\/\/motoneige-laplagne.com\/en\/wp-json\/wp\/v2\/users\/1"}],"replies":[{"embeddable":true,"href":"https:\/\/motoneige-laplagne.com\/en\/wp-json\/wp\/v2\/comments?post=29042"}],"version-history":[{"count":0,"href":"https:\/\/motoneige-laplagne.com\/en\/wp-json\/wp\/v2\/pages\/29042\/revisions"}],"wp:attachment":[{"href":"https:\/\/motoneige-laplagne.com\/en\/wp-json\/wp\/v2\/media?parent=29042"}],"curies":[{"name":"wp","href":"https:\/\/api.w.org\/{rel}","templated":true}]}}